{"id":1841,"date":"2025-05-13T07:06:11","date_gmt":"2025-05-13T05:06:11","guid":{"rendered":"https:\/\/ffw-haldenwang.de\/ffw\/?page_id=1841"},"modified":"2025-05-13T14:16:12","modified_gmt":"2025-05-13T12:16:12","slug":"familienfest","status":"publish","type":"page","link":"https:\/\/ffw-haldenwang.de\/ffw\/familienfest\/","title":{"rendered":"Familienfest"},"content":{"rendered":"<h4><strong><br \/>\nNach dem Gro\u00dfen Erfolg im vergangenen Jahr und vielen interessierten B\u00fcrgern veranstaltet die Feuerwehr Haldenwang wieder ein Familienfest.<br \/>\n<\/strong><strong>Verbringen Sie ein paar gem\u00fctliche Stunden bei der Freiwilligen Feuerwehr Haldenwang.<\/strong><\/h4>\n<p>&nbsp;<\/p>\n<p>&nbsp;<\/p>\n<p><a href=\"https:\/\/ffw-haldenwang.de\/ffw\/wp-content\/uploads\/2025\/05\/Familienfest-1-1-scaled.jpg\"><img loading=\"lazy\" decoding=\"async\" class=\"alignnone wp-image-1838 size-large\" src=\"https:\/\/ffw-haldenwang.de\/ffw\/wp-content\/uploads\/2025\/05\/Familienfest-1-1-724x1024.jpg\" alt=\"\" width=\"610\" height=\"863\" srcset=\"https:\/\/ffw-haldenwang.de\/ffw\/wp-content\/uploads\/2025\/05\/Familienfest-1-1-724x1024.jpg 724w, https:\/\/ffw-haldenwang.de\/ffw\/wp-content\/uploads\/2025\/05\/Familienfest-1-1-212x300.jpg 212w, https:\/\/ffw-haldenwang.de\/ffw\/wp-content\/uploads\/2025\/05\/Familienfest-1-1-768x1086.jpg 768w, https:\/\/ffw-haldenwang.de\/ffw\/wp-content\/uploads\/2025\/05\/Familienfest-1-1-1086x1536.jpg 1086w, https:\/\/ffw-haldenwang.de\/ffw\/wp-content\/uploads\/2025\/05\/Familienfest-1-1-1448x2048.jpg 1448w, https:\/\/ffw-haldenwang.de\/ffw\/wp-content\/uploads\/2025\/05\/Familienfest-1-1-247x350.jpg 247w, https:\/\/ffw-haldenwang.de\/ffw\/wp-content\/uploads\/2025\/05\/Familienfest-1-1-scaled.jpg 1810w\" sizes=\"auto, (max-width: 610px) 100vw, 610px\" \/><\/a><\/p>\n<p>&nbsp;<\/p>\n","protected":false},"excerpt":{"rendered":"<p>Nach dem Gro\u00dfen Erfolg im vergangenen Jahr und vielen interessierten B\u00fcrgern veranstaltet die Feuerwehr Haldenwang wieder ein Familienfest. Verbringen Sie ein paar gem\u00fctliche Stunden bei der Freiwilligen Feuerwehr Haldenwang. &nbsp; &nbsp; &nbsp;<\/p>\n","protected":false},"author":2,"featured_media":0,"parent":0,"menu_order":0,"comment_status":"closed","ping_status":"closed","template":"","meta":{"ngg_post_thumbnail":0,"footnotes":""},"class_list":["post-1841","page","type-page","status-publish","hentry"],"_links":{"self":[{"href":"https:\/\/ffw-haldenwang.de\/ffw\/wp-json\/wp\/v2\/pages\/1841","targetHints":{"allow":["GET"]}}],"collection":[{"href":"https:\/\/ffw-haldenwang.de\/ffw\/wp-json\/wp\/v2\/pages"}],"about":[{"href":"https:\/\/ffw-haldenwang.de\/ffw\/wp-json\/wp\/v2\/types\/page"}],"author":[{"embeddable":true,"href":"https:\/\/ffw-haldenwang.de\/ffw\/wp-json\/wp\/v2\/users\/2"}],"replies":[{"embeddable":true,"href":"https:\/\/ffw-haldenwang.de\/ffw\/wp-json\/wp\/v2\/comments?post=1841"}],"version-history":[{"count":3,"href":"https:\/\/ffw-haldenwang.de\/ffw\/wp-json\/wp\/v2\/pages\/1841\/revisions"}],"predecessor-version":[{"id":1848,"href":"https:\/\/ffw-haldenwang.de\/ffw\/wp-json\/wp\/v2\/pages\/1841\/revisions\/1848"}],"wp:attachment":[{"href":"https:\/\/ffw-haldenwang.de\/ffw\/wp-json\/wp\/v2\/media?parent=1841"}],"curies":[{"name":"wp","href":"https:\/\/api.w.org\/{rel}","templated":true}]}}