{"id":503,"date":"2021-08-16T09:19:18","date_gmt":"2021-08-16T07:19:18","guid":{"rendered":"https:\/\/ffw-haldenwang.de\/ffw\/?page_id=503"},"modified":"2022-05-12T11:39:42","modified_gmt":"2022-05-12T09:39:42","slug":"rettungsgasse","status":"publish","type":"page","link":"https:\/\/ffw-haldenwang.de\/ffw\/rettungsgasse\/","title":{"rendered":"Rettungsgasse!"},"content":{"rendered":"<h4><span style=\"text-decoration: underline;\"><strong>Pflicht seit 2017<\/strong><\/span><\/h4>\n<p><strong><span style=\"color: #333333;\">Die neue Regel zur Rettungsgasse muss jeder kennen!<\/span><\/strong><br \/>\nWeil die Autofahrer keine Rettungsgasse bilden, verlieren die Einsatzkr\u00e4fte bei der Anfahrt zu einem Unfallort wertvolle Zeit.<br \/>\n<span style=\"color: #333333;\"><strong>Wann muss eine Rettungsgasse gebildet werden?<\/strong><\/span><br \/>\nBereits wenn der Verkehr stockt, steuert man das Auto idealerweise an den Rand des Fahrstreifens. Bei stockendem Verkehr f\u00fcnf Meter Abstand zum Vordermann zu halten, um bei Stau dann noch eine Rettungsgasse bilden zu k\u00f6nnen. Das gilt auch &#8211; und besonders &#8211; in Tunneln.<\/p>\n<p><img loading=\"lazy\" decoding=\"async\" class=\"alignnone size-medium wp-image-500\" src=\"https:\/\/ffw-haldenwang.de\/ffw\/wp-content\/uploads\/2021\/08\/Rettungsgasse-300x222.jpg\" alt=\"\" width=\"300\" height=\"222\" srcset=\"https:\/\/ffw-haldenwang.de\/ffw\/wp-content\/uploads\/2021\/08\/Rettungsgasse-300x222.jpg 300w, https:\/\/ffw-haldenwang.de\/ffw\/wp-content\/uploads\/2021\/08\/Rettungsgasse-768x569.jpg 768w, https:\/\/ffw-haldenwang.de\/ffw\/wp-content\/uploads\/2021\/08\/Rettungsgasse-472x350.jpg 472w, https:\/\/ffw-haldenwang.de\/ffw\/wp-content\/uploads\/2021\/08\/Rettungsgasse.jpg 800w\" sizes=\"auto, (max-width: 300px) 100vw, 300px\" \/><\/p>\n<p><span style=\"color: #333333;\"><strong>Wie funktioniert die Rettungsgasse?<\/strong><\/span><br \/>\n<strong><span style=\"color: #333333;\">Auf zweispurigen Strecken<\/span><\/strong> wird diese in der Mitte beider Spuren gebildet, bei drei Spuren zwischen der linken und mittleren Spur.&#8220;<br \/>\nAuf Autobahnen und Stra\u00dfen<strong><span style=\"color: #333333;\"> mit mehreren Fahrstreifen<\/span><\/strong> je Richtung weichen die Fahrzeuge auf der linken Spur also nach links aus. Wer auf dem mittleren oder rechten Fahrstreifen unterwegs ist, orientiert sich nach rechts. Die bisherige Regelung, dass auf vierspurigen Autobahnen die Rettungsgasse in der Mitte gebildet wird, gilt seit 2017 nicht mehr.<br \/>\n<span style=\"color: #333333;\"><strong>K\u00f6nnen die Rettungsfahrzeuge nicht den Standstreifen benutzen?<\/strong><\/span><br \/>\nZudem muss der Standstreifen unter allen Umst\u00e4nden freigehalten werden, er ist f\u00fcr Pannenfahrzeuge reserviert.<br \/>\nDie Standspur ist nicht an allen Autobahnen durchgehend ausgebaut oder breit genug. Zudem k\u00f6nnten dort Pannenfahrzeuge stehen.<br \/>\n<span style=\"color: #333333;\"><strong>Wie lange muss die Gasse offen gehalten werden?<\/strong><\/span><br \/>\nDa auf die Polizei noch Notarzt, Feuerwehr oder Abschleppdienst folgen k\u00f6nnen, darf man erst dann auf seine Fahrspur zur\u00fcck, wenn sich der Stau aufl\u00f6st.<\/p>\n<p><a href=\"https:\/\/www.lfv-bayern.de\/informationen\/hintergrundinfos\/\" target=\"_blank\" rel=\"noopener\">&gt;Weitere Informationen zur Rettungsgasse und verhalten bei Unf\u00e4llen auf Strassen.&lt;<\/a><\/p>\n","protected":false},"excerpt":{"rendered":"<p>Pflicht seit 2017 Die neue Regel zur Rettungsgasse muss jeder kennen! Weil die Autofahrer keine Rettungsgasse bilden, verlieren die Einsatzkr\u00e4fte bei der Anfahrt zu einem Unfallort wertvolle Zeit. Wann muss eine Rettungsgasse gebildet werden? Bereits wenn der Verkehr stockt, steuert man das Auto idealerweise an den Rand des Fahrstreifens. Bei &hellip;<\/p>\n","protected":false},"author":2,"featured_media":0,"parent":0,"menu_order":0,"comment_status":"closed","ping_status":"closed","template":"","meta":{"ngg_post_thumbnail":0,"footnotes":""},"class_list":["post-503","page","type-page","status-publish","hentry"],"_links":{"self":[{"href":"https:\/\/ffw-haldenwang.de\/ffw\/wp-json\/wp\/v2\/pages\/503","targetHints":{"allow":["GET"]}}],"collection":[{"href":"https:\/\/ffw-haldenwang.de\/ffw\/wp-json\/wp\/v2\/pages"}],"about":[{"href":"https:\/\/ffw-haldenwang.de\/ffw\/wp-json\/wp\/v2\/types\/page"}],"author":[{"embeddable":true,"href":"https:\/\/ffw-haldenwang.de\/ffw\/wp-json\/wp\/v2\/users\/2"}],"replies":[{"embeddable":true,"href":"https:\/\/ffw-haldenwang.de\/ffw\/wp-json\/wp\/v2\/comments?post=503"}],"version-history":[{"count":5,"href":"https:\/\/ffw-haldenwang.de\/ffw\/wp-json\/wp\/v2\/pages\/503\/revisions"}],"predecessor-version":[{"id":949,"href":"https:\/\/ffw-haldenwang.de\/ffw\/wp-json\/wp\/v2\/pages\/503\/revisions\/949"}],"wp:attachment":[{"href":"https:\/\/ffw-haldenwang.de\/ffw\/wp-json\/wp\/v2\/media?parent=503"}],"curies":[{"name":"wp","href":"https:\/\/api.w.org\/{rel}","templated":true}]}}